{"id":165,"date":"2020-04-18T19:57:49","date_gmt":"2020-04-18T19:57:49","guid":{"rendered":"https:\/\/www.thesailingexperience.net\/?page_id=165"},"modified":"2025-12-22T09:51:01","modified_gmt":"2025-12-22T09:51:01","slug":"sail-yoga-break-13","status":"publish","type":"page","link":"http:\/\/www.thesailingexperience.net\/en\/sail-yoga-break-13\/","title":{"rendered":"Sail | Yoga Break (Vol.15)"},"content":{"rendered":"","protected":false},"excerpt":{"rendered":"","protected":false},"author":3,"featured_media":772,"parent":0,"menu_order":0,"comment_status":"closed","ping_status":"closed","template":"","meta":{"_coblocks_attr":"","_coblocks_dimensions":"","_coblocks_responsive_height":"","_coblocks_accordion_ie_support":"","inline_featured_image":false,"_monsterinsights_skip_tracking":false,"_monsterinsights_sitenote_active":false,"_monsterinsights_sitenote_note":"","_monsterinsights_sitenote_category":0,"footnotes":""},"class_list":["post-165","page","type-page","status-publish","has-post-thumbnail","hentry"],"yoast_head":"<!-- This site is optimized with the Yoast SEO plugin v23.4 - https:\/\/yoast.com\/wordpress\/plugins\/seo\/ -->\n<title>The Sailing Experience - Sail | Yoga Break (Vol.15)<\/title>\n<meta name=\"description\" content=\"Sail Yoga Break, The Sailing Experience taraf\u0131ndan d\u00fczenlenen, yelkenli hayat\u0131 ve yogan\u0131n i\u00e7i\u00e7e oldu\u011fu, ke\u015fif ve huzur dolu bir organizasyon!\" \/>\n<meta name=\"robots\" content=\"index, follow, max-snippet:-1, max-image-preview:large, max-video-preview:-1\" \/>\n<link rel=\"canonical\" href=\"http:\/\/www.thesailingexperience.net\/en\/sail-yoga-break-13\/\" \/>\n<meta property=\"og:locale\" content=\"en_GB\" \/>\n<meta property=\"og:type\" content=\"article\" \/>\n<meta property=\"og:title\" content=\"The Sailing Experience - Sail | Yoga Break (Vol.15)\" \/>\n<meta property=\"og:description\" content=\"Sail Yoga Break, The Sailing Experience taraf\u0131ndan d\u00fczenlenen, yelkenli hayat\u0131 ve yogan\u0131n i\u00e7i\u00e7e oldu\u011fu, ke\u015fif ve huzur dolu bir organizasyon!\" \/>\n<meta property=\"og:url\" content=\"http:\/\/www.thesailingexperience.net\/en\/sail-yoga-break-13\/\" \/>\n<meta property=\"og:site_name\" content=\"The Sailing Experience\" \/>\n<meta property=\"article:publisher\" content=\"https:\/\/www.facebook.com\/thesailingexperience-399831173991564\" \/>\n<meta property=\"article:modified_time\" content=\"2025-12-22T09:51:01+00:00\" \/>\n<meta property=\"og:image\" content=\"https:\/\/www.thesailingexperience.net\/wp-content\/uploads\/2024\/01\/Sail-Yoga-Break-Vol-10-Etkinlik-ana.jpg\" \/>\n\t<meta property=\"og:image:width\" content=\"1080\" \/>\n\t<meta property=\"og:image:height\" content=\"1350\" \/>\n\t<meta property=\"og:image:type\" content=\"image\/jpeg\" \/>\n<meta name=\"twitter:card\" content=\"summary_large_image\" \/>\n<meta name=\"twitter:label1\" content=\"Estimated reading time\" \/>\n\t<meta name=\"twitter:data1\" content=\"1 minute\" \/>\n<script type=\"application\/ld+json\" class=\"yoast-schema-graph\">{\"@context\":\"https:\/\/schema.org\",\"@graph\":[{\"@type\":\"WebPage\",\"@id\":\"https:\/\/www.thesailingexperience.net\/sail-yoga-break-13\/\",\"url\":\"https:\/\/www.thesailingexperience.net\/sail-yoga-break-13\/\",\"name\":\"The Sailing Experience - Sail | Yoga Break (Vol.15)\",\"isPartOf\":{\"@id\":\"https:\/\/www.thesailingexperience.net\/#website\"},\"primaryImageOfPage\":{\"@id\":\"https:\/\/www.thesailingexperience.net\/sail-yoga-break-13\/#primaryimage\"},\"image\":{\"@id\":\"https:\/\/www.thesailingexperience.net\/sail-yoga-break-13\/#primaryimage\"},\"thumbnailUrl\":\"https:\/\/www.thesailingexperience.net\/wp-content\/uploads\/2024\/01\/Sail-Yoga-Break-Vol-10-Etkinlik-ana.jpg\",\"datePublished\":\"2020-04-18T19:57:49+00:00\",\"dateModified\":\"2025-12-22T09:51:01+00:00\",\"description\":\"Sail Yoga Break, The Sailing Experience taraf\u0131ndan d\u00fczenlenen, yelkenli hayat\u0131 ve yogan\u0131n i\u00e7i\u00e7e oldu\u011fu, ke\u015fif ve huzur dolu bir organizasyon!\",\"breadcrumb\":{\"@id\":\"https:\/\/www.thesailingexperience.net\/sail-yoga-break-13\/#breadcrumb\"},\"inLanguage\":\"en-GB\",\"potentialAction\":[{\"@type\":\"ReadAction\",\"target\":[\"https:\/\/www.thesailingexperience.net\/sail-yoga-break-13\/\"]}]},{\"@type\":\"ImageObject\",\"inLanguage\":\"en-GB\",\"@id\":\"https:\/\/www.thesailingexperience.net\/sail-yoga-break-13\/#primaryimage\",\"url\":\"https:\/\/www.thesailingexperience.net\/wp-content\/uploads\/2024\/01\/Sail-Yoga-Break-Vol-10-Etkinlik-ana.jpg\",\"contentUrl\":\"https:\/\/www.thesailingexperience.net\/wp-content\/uploads\/2024\/01\/Sail-Yoga-Break-Vol-10-Etkinlik-ana.jpg\",\"width\":1080,\"height\":1350},{\"@type\":\"BreadcrumbList\",\"@id\":\"https:\/\/www.thesailingexperience.net\/sail-yoga-break-13\/#breadcrumb\",\"itemListElement\":[{\"@type\":\"ListItem\",\"position\":1,\"name\":\"Ana sayfa\",\"item\":\"https:\/\/www.thesailingexperience.net\/\"},{\"@type\":\"ListItem\",\"position\":2,\"name\":\"Sail | Yoga Break (Vol.15)\"}]},{\"@type\":\"WebSite\",\"@id\":\"https:\/\/www.thesailingexperience.net\/#website\",\"url\":\"https:\/\/www.thesailingexperience.net\/\",\"name\":\"The Sailing Experience\",\"description\":\"\",\"publisher\":{\"@id\":\"https:\/\/www.thesailingexperience.net\/#organization\"},\"potentialAction\":[{\"@type\":\"SearchAction\",\"target\":{\"@type\":\"EntryPoint\",\"urlTemplate\":\"https:\/\/www.thesailingexperience.net\/?s={search_term_string}\"},\"query-input\":{\"@type\":\"PropertyValueSpecification\",\"valueRequired\":true,\"valueName\":\"search_term_string\"}}],\"inLanguage\":\"en-GB\"},{\"@type\":\"Organization\",\"@id\":\"https:\/\/www.thesailingexperience.net\/#organization\",\"name\":\"The Sailing Experience\",\"url\":\"https:\/\/www.thesailingexperience.net\/\",\"logo\":{\"@type\":\"ImageObject\",\"inLanguage\":\"en-GB\",\"@id\":\"https:\/\/www.thesailingexperience.net\/#\/schema\/logo\/image\/\",\"url\":\"https:\/\/www.thesailingexperience.net\/wp-content\/uploads\/2020\/03\/home_logo-1.png\",\"contentUrl\":\"https:\/\/www.thesailingexperience.net\/wp-content\/uploads\/2020\/03\/home_logo-1.png\",\"width\":468,\"height\":130,\"caption\":\"The Sailing Experience\"},\"image\":{\"@id\":\"https:\/\/www.thesailingexperience.net\/#\/schema\/logo\/image\/\"},\"sameAs\":[\"https:\/\/www.facebook.com\/thesailingexperience-399831173991564\",\"https:\/\/www.instagram.com\/thesailingexperience\/\",\"https:\/\/www.youtube.com\/channel\/UCc2l7adOYyStLH0IfMt0oIA\"]}]}<\/script>\n<!-- \/ Yoast SEO plugin. -->","yoast_head_json":{"title":"The Sailing Experience - Sail | Yoga Break (Vol.15)","description":"Sail Yoga Break, The Sailing Experience taraf\u0131ndan d\u00fczenlenen, yelkenli hayat\u0131 ve yogan\u0131n i\u00e7i\u00e7e oldu\u011fu, ke\u015fif ve huzur dolu bir organizasyon!","robots":{"index":"index","follow":"follow","max-snippet":"max-snippet:-1","max-image-preview":"max-image-preview:large","max-video-preview":"max-video-preview:-1"},"canonical":"http:\/\/www.thesailingexperience.net\/en\/sail-yoga-break-13\/","og_locale":"en_GB","og_type":"article","og_title":"The Sailing Experience - Sail | Yoga Break (Vol.15)","og_description":"Sail Yoga Break, The Sailing Experience taraf\u0131ndan d\u00fczenlenen, yelkenli hayat\u0131 ve yogan\u0131n i\u00e7i\u00e7e oldu\u011fu, ke\u015fif ve huzur dolu bir organizasyon!","og_url":"http:\/\/www.thesailingexperience.net\/en\/sail-yoga-break-13\/","og_site_name":"The Sailing Experience","article_publisher":"https:\/\/www.facebook.com\/thesailingexperience-399831173991564","article_modified_time":"2025-12-22T09:51:01+00:00","og_image":[{"width":1080,"height":1350,"url":"https:\/\/www.thesailingexperience.net\/wp-content\/uploads\/2024\/01\/Sail-Yoga-Break-Vol-10-Etkinlik-ana.jpg","type":"image\/jpeg"}],"twitter_card":"summary_large_image","twitter_misc":{"Estimated reading time":"1 minute"},"schema":{"@context":"https:\/\/schema.org","@graph":[{"@type":"WebPage","@id":"https:\/\/www.thesailingexperience.net\/sail-yoga-break-13\/","url":"https:\/\/www.thesailingexperience.net\/sail-yoga-break-13\/","name":"The Sailing Experience - Sail | Yoga Break (Vol.15)","isPartOf":{"@id":"https:\/\/www.thesailingexperience.net\/#website"},"primaryImageOfPage":{"@id":"https:\/\/www.thesailingexperience.net\/sail-yoga-break-13\/#primaryimage"},"image":{"@id":"https:\/\/www.thesailingexperience.net\/sail-yoga-break-13\/#primaryimage"},"thumbnailUrl":"https:\/\/www.thesailingexperience.net\/wp-content\/uploads\/2024\/01\/Sail-Yoga-Break-Vol-10-Etkinlik-ana.jpg","datePublished":"2020-04-18T19:57:49+00:00","dateModified":"2025-12-22T09:51:01+00:00","description":"Sail Yoga Break, The Sailing Experience taraf\u0131ndan d\u00fczenlenen, yelkenli hayat\u0131 ve yogan\u0131n i\u00e7i\u00e7e oldu\u011fu, ke\u015fif ve huzur dolu bir organizasyon!","breadcrumb":{"@id":"https:\/\/www.thesailingexperience.net\/sail-yoga-break-13\/#breadcrumb"},"inLanguage":"en-GB","potentialAction":[{"@type":"ReadAction","target":["https:\/\/www.thesailingexperience.net\/sail-yoga-break-13\/"]}]},{"@type":"ImageObject","inLanguage":"en-GB","@id":"https:\/\/www.thesailingexperience.net\/sail-yoga-break-13\/#primaryimage","url":"https:\/\/www.thesailingexperience.net\/wp-content\/uploads\/2024\/01\/Sail-Yoga-Break-Vol-10-Etkinlik-ana.jpg","contentUrl":"https:\/\/www.thesailingexperience.net\/wp-content\/uploads\/2024\/01\/Sail-Yoga-Break-Vol-10-Etkinlik-ana.jpg","width":1080,"height":1350},{"@type":"BreadcrumbList","@id":"https:\/\/www.thesailingexperience.net\/sail-yoga-break-13\/#breadcrumb","itemListElement":[{"@type":"ListItem","position":1,"name":"Ana sayfa","item":"https:\/\/www.thesailingexperience.net\/"},{"@type":"ListItem","position":2,"name":"Sail | Yoga Break (Vol.15)"}]},{"@type":"WebSite","@id":"https:\/\/www.thesailingexperience.net\/#website","url":"https:\/\/www.thesailingexperience.net\/","name":"The Sailing Experience","description":"","publisher":{"@id":"https:\/\/www.thesailingexperience.net\/#organization"},"potentialAction":[{"@type":"SearchAction","target":{"@type":"EntryPoint","urlTemplate":"https:\/\/www.thesailingexperience.net\/?s={search_term_string}"},"query-input":{"@type":"PropertyValueSpecification","valueRequired":true,"valueName":"search_term_string"}}],"inLanguage":"en-GB"},{"@type":"Organization","@id":"https:\/\/www.thesailingexperience.net\/#organization","name":"The Sailing Experience","url":"https:\/\/www.thesailingexperience.net\/","logo":{"@type":"ImageObject","inLanguage":"en-GB","@id":"https:\/\/www.thesailingexperience.net\/#\/schema\/logo\/image\/","url":"https:\/\/www.thesailingexperience.net\/wp-content\/uploads\/2020\/03\/home_logo-1.png","contentUrl":"https:\/\/www.thesailingexperience.net\/wp-content\/uploads\/2020\/03\/home_logo-1.png","width":468,"height":130,"caption":"The Sailing Experience"},"image":{"@id":"https:\/\/www.thesailingexperience.net\/#\/schema\/logo\/image\/"},"sameAs":["https:\/\/www.facebook.com\/thesailingexperience-399831173991564","https:\/\/www.instagram.com\/thesailingexperience\/","https:\/\/www.youtube.com\/channel\/UCc2l7adOYyStLH0IfMt0oIA"]}]}},"_links":{"self":[{"href":"http:\/\/www.thesailingexperience.net\/en\/wp-json\/wp\/v2\/pages\/165"}],"collection":[{"href":"http:\/\/www.thesailingexperience.net\/en\/wp-json\/wp\/v2\/pages"}],"about":[{"href":"http:\/\/www.thesailingexperience.net\/en\/wp-json\/wp\/v2\/types\/page"}],"author":[{"embeddable":true,"href":"http:\/\/www.thesailingexperience.net\/en\/wp-json\/wp\/v2\/users\/3"}],"replies":[{"embeddable":true,"href":"http:\/\/www.thesailingexperience.net\/en\/wp-json\/wp\/v2\/comments?post=165"}],"version-history":[{"count":7,"href":"http:\/\/www.thesailingexperience.net\/en\/wp-json\/wp\/v2\/pages\/165\/revisions"}],"predecessor-version":[{"id":945,"href":"http:\/\/www.thesailingexperience.net\/en\/wp-json\/wp\/v2\/pages\/165\/revisions\/945"}],"wp:featuredmedia":[{"embeddable":true,"href":"http:\/\/www.thesailingexperience.net\/en\/wp-json\/wp\/v2\/media\/772"}],"wp:attachment":[{"href":"http:\/\/www.thesailingexperience.net\/en\/wp-json\/wp\/v2\/media?parent=165"}],"curies":[{"name":"wp","href":"https:\/\/api.w.org\/{rel}","templated":true}]}}