{"id":36,"date":"2018-03-13T14:59:20","date_gmt":"2018-03-13T14:59:20","guid":{"rendered":"http:\/\/themes.muffingroup.com\/be\/resort\/?page_id=36"},"modified":"2026-02-10T11:24:47","modified_gmt":"2026-02-10T11:24:47","slug":"etkinliklerimiz","status":"publish","type":"page","link":"http:\/\/www.thesailingexperience.net\/en\/etkinliklerimiz\/","title":{"rendered":"Etkinliklerimiz"},"content":{"rendered":"","protected":false},"excerpt":{"rendered":"","protected":false},"author":3,"featured_media":0,"parent":0,"menu_order":0,"comment_status":"closed","ping_status":"closed","template":"","meta":{"_coblocks_attr":"","_coblocks_dimensions":"","_coblocks_responsive_height":"","_coblocks_accordion_ie_support":"","inline_featured_image":false,"_monsterinsights_skip_tracking":false,"_monsterinsights_sitenote_active":false,"_monsterinsights_sitenote_note":"","_monsterinsights_sitenote_category":0,"footnotes":""},"class_list":["post-36","page","type-page","status-publish","hentry"],"yoast_head":"<!-- This site is optimized with the Yoast SEO plugin v23.4 - https:\/\/yoast.com\/wordpress\/plugins\/seo\/ -->\n<title>The Sailing Experience - Etkinliklerimiz - Sail | Yoga Break<\/title>\n<meta name=\"description\" content=\"The Sailing Experience olarak birbirinden farkl\u0131 etkinliklerle, de\u011fi\u015fik i\u00e7erikleri deniz ve yelkenli hayat\u0131yla birle\u015ftiriyoruz.\" \/>\n<meta name=\"robots\" content=\"index, follow, max-snippet:-1, max-image-preview:large, max-video-preview:-1\" \/>\n<link rel=\"canonical\" href=\"http:\/\/www.thesailingexperience.net\/en\/etkinliklerimiz\/\" \/>\n<meta property=\"og:locale\" content=\"en_GB\" \/>\n<meta property=\"og:type\" content=\"article\" \/>\n<meta property=\"og:title\" content=\"The Sailing Experience - Etkinliklerimiz - Sail | Yoga Break\" \/>\n<meta property=\"og:description\" content=\"The Sailing Experience olarak birbirinden farkl\u0131 etkinliklerle, de\u011fi\u015fik i\u00e7erikleri deniz ve yelkenli hayat\u0131yla birle\u015ftiriyoruz.\" \/>\n<meta property=\"og:url\" content=\"http:\/\/www.thesailingexperience.net\/en\/etkinliklerimiz\/\" \/>\n<meta property=\"og:site_name\" content=\"The Sailing Experience\" \/>\n<meta property=\"article:publisher\" content=\"https:\/\/www.facebook.com\/thesailingexperience-399831173991564\" \/>\n<meta property=\"article:modified_time\" content=\"2026-02-10T11:24:47+00:00\" \/>\n<meta name=\"twitter:card\" content=\"summary_large_image\" \/>\n<script type=\"application\/ld+json\" class=\"yoast-schema-graph\">{\"@context\":\"https:\/\/schema.org\",\"@graph\":[{\"@type\":\"WebPage\",\"@id\":\"https:\/\/www.thesailingexperience.net\/etkinliklerimiz\/\",\"url\":\"https:\/\/www.thesailingexperience.net\/etkinliklerimiz\/\",\"name\":\"The Sailing Experience - Etkinliklerimiz - Sail | Yoga Break\",\"isPartOf\":{\"@id\":\"https:\/\/www.thesailingexperience.net\/#website\"},\"datePublished\":\"2018-03-13T14:59:20+00:00\",\"dateModified\":\"2026-02-10T11:24:47+00:00\",\"description\":\"The Sailing Experience olarak birbirinden farkl\u0131 etkinliklerle, de\u011fi\u015fik i\u00e7erikleri deniz ve yelkenli hayat\u0131yla birle\u015ftiriyoruz.\",\"breadcrumb\":{\"@id\":\"https:\/\/www.thesailingexperience.net\/etkinliklerimiz\/#breadcrumb\"},\"inLanguage\":\"en-GB\",\"potentialAction\":[{\"@type\":\"ReadAction\",\"target\":[\"https:\/\/www.thesailingexperience.net\/etkinliklerimiz\/\"]}]},{\"@type\":\"BreadcrumbList\",\"@id\":\"https:\/\/www.thesailingexperience.net\/etkinliklerimiz\/#breadcrumb\",\"itemListElement\":[{\"@type\":\"ListItem\",\"position\":1,\"name\":\"Ana sayfa\",\"item\":\"https:\/\/www.thesailingexperience.net\/\"},{\"@type\":\"ListItem\",\"position\":2,\"name\":\"Etkinliklerimiz\"}]},{\"@type\":\"WebSite\",\"@id\":\"https:\/\/www.thesailingexperience.net\/#website\",\"url\":\"https:\/\/www.thesailingexperience.net\/\",\"name\":\"The Sailing Experience\",\"description\":\"\",\"publisher\":{\"@id\":\"https:\/\/www.thesailingexperience.net\/#organization\"},\"potentialAction\":[{\"@type\":\"SearchAction\",\"target\":{\"@type\":\"EntryPoint\",\"urlTemplate\":\"https:\/\/www.thesailingexperience.net\/?s={search_term_string}\"},\"query-input\":{\"@type\":\"PropertyValueSpecification\",\"valueRequired\":true,\"valueName\":\"search_term_string\"}}],\"inLanguage\":\"en-GB\"},{\"@type\":\"Organization\",\"@id\":\"https:\/\/www.thesailingexperience.net\/#organization\",\"name\":\"The Sailing Experience\",\"url\":\"https:\/\/www.thesailingexperience.net\/\",\"logo\":{\"@type\":\"ImageObject\",\"inLanguage\":\"en-GB\",\"@id\":\"https:\/\/www.thesailingexperience.net\/#\/schema\/logo\/image\/\",\"url\":\"https:\/\/www.thesailingexperience.net\/wp-content\/uploads\/2020\/03\/home_logo-1.png\",\"contentUrl\":\"https:\/\/www.thesailingexperience.net\/wp-content\/uploads\/2020\/03\/home_logo-1.png\",\"width\":468,\"height\":130,\"caption\":\"The Sailing Experience\"},\"image\":{\"@id\":\"https:\/\/www.thesailingexperience.net\/#\/schema\/logo\/image\/\"},\"sameAs\":[\"https:\/\/www.facebook.com\/thesailingexperience-399831173991564\",\"https:\/\/www.instagram.com\/thesailingexperience\/\",\"https:\/\/www.youtube.com\/channel\/UCc2l7adOYyStLH0IfMt0oIA\"]}]}<\/script>\n<!-- \/ Yoast SEO plugin. -->","yoast_head_json":{"title":"The Sailing Experience - Etkinliklerimiz - Sail | Yoga Break","description":"The Sailing Experience olarak birbirinden farkl\u0131 etkinliklerle, de\u011fi\u015fik i\u00e7erikleri deniz ve yelkenli hayat\u0131yla birle\u015ftiriyoruz.","robots":{"index":"index","follow":"follow","max-snippet":"max-snippet:-1","max-image-preview":"max-image-preview:large","max-video-preview":"max-video-preview:-1"},"canonical":"http:\/\/www.thesailingexperience.net\/en\/etkinliklerimiz\/","og_locale":"en_GB","og_type":"article","og_title":"The Sailing Experience - Etkinliklerimiz - Sail | Yoga Break","og_description":"The Sailing Experience olarak birbirinden farkl\u0131 etkinliklerle, de\u011fi\u015fik i\u00e7erikleri deniz ve yelkenli hayat\u0131yla birle\u015ftiriyoruz.","og_url":"http:\/\/www.thesailingexperience.net\/en\/etkinliklerimiz\/","og_site_name":"The Sailing Experience","article_publisher":"https:\/\/www.facebook.com\/thesailingexperience-399831173991564","article_modified_time":"2026-02-10T11:24:47+00:00","twitter_card":"summary_large_image","schema":{"@context":"https:\/\/schema.org","@graph":[{"@type":"WebPage","@id":"https:\/\/www.thesailingexperience.net\/etkinliklerimiz\/","url":"https:\/\/www.thesailingexperience.net\/etkinliklerimiz\/","name":"The Sailing Experience - Etkinliklerimiz - Sail | Yoga Break","isPartOf":{"@id":"https:\/\/www.thesailingexperience.net\/#website"},"datePublished":"2018-03-13T14:59:20+00:00","dateModified":"2026-02-10T11:24:47+00:00","description":"The Sailing Experience olarak birbirinden farkl\u0131 etkinliklerle, de\u011fi\u015fik i\u00e7erikleri deniz ve yelkenli hayat\u0131yla birle\u015ftiriyoruz.","breadcrumb":{"@id":"https:\/\/www.thesailingexperience.net\/etkinliklerimiz\/#breadcrumb"},"inLanguage":"en-GB","potentialAction":[{"@type":"ReadAction","target":["https:\/\/www.thesailingexperience.net\/etkinliklerimiz\/"]}]},{"@type":"BreadcrumbList","@id":"https:\/\/www.thesailingexperience.net\/etkinliklerimiz\/#breadcrumb","itemListElement":[{"@type":"ListItem","position":1,"name":"Ana sayfa","item":"https:\/\/www.thesailingexperience.net\/"},{"@type":"ListItem","position":2,"name":"Etkinliklerimiz"}]},{"@type":"WebSite","@id":"https:\/\/www.thesailingexperience.net\/#website","url":"https:\/\/www.thesailingexperience.net\/","name":"The Sailing Experience","description":"","publisher":{"@id":"https:\/\/www.thesailingexperience.net\/#organization"},"potentialAction":[{"@type":"SearchAction","target":{"@type":"EntryPoint","urlTemplate":"https:\/\/www.thesailingexperience.net\/?s={search_term_string}"},"query-input":{"@type":"PropertyValueSpecification","valueRequired":true,"valueName":"search_term_string"}}],"inLanguage":"en-GB"},{"@type":"Organization","@id":"https:\/\/www.thesailingexperience.net\/#organization","name":"The Sailing Experience","url":"https:\/\/www.thesailingexperience.net\/","logo":{"@type":"ImageObject","inLanguage":"en-GB","@id":"https:\/\/www.thesailingexperience.net\/#\/schema\/logo\/image\/","url":"https:\/\/www.thesailingexperience.net\/wp-content\/uploads\/2020\/03\/home_logo-1.png","contentUrl":"https:\/\/www.thesailingexperience.net\/wp-content\/uploads\/2020\/03\/home_logo-1.png","width":468,"height":130,"caption":"The Sailing Experience"},"image":{"@id":"https:\/\/www.thesailingexperience.net\/#\/schema\/logo\/image\/"},"sameAs":["https:\/\/www.facebook.com\/thesailingexperience-399831173991564","https:\/\/www.instagram.com\/thesailingexperience\/","https:\/\/www.youtube.com\/channel\/UCc2l7adOYyStLH0IfMt0oIA"]}]}},"_links":{"self":[{"href":"http:\/\/www.thesailingexperience.net\/en\/wp-json\/wp\/v2\/pages\/36"}],"collection":[{"href":"http:\/\/www.thesailingexperience.net\/en\/wp-json\/wp\/v2\/pages"}],"about":[{"href":"http:\/\/www.thesailingexperience.net\/en\/wp-json\/wp\/v2\/types\/page"}],"author":[{"embeddable":true,"href":"http:\/\/www.thesailingexperience.net\/en\/wp-json\/wp\/v2\/users\/3"}],"replies":[{"embeddable":true,"href":"http:\/\/www.thesailingexperience.net\/en\/wp-json\/wp\/v2\/comments?post=36"}],"version-history":[{"count":2,"href":"http:\/\/www.thesailingexperience.net\/en\/wp-json\/wp\/v2\/pages\/36\/revisions"}],"predecessor-version":[{"id":142,"href":"http:\/\/www.thesailingexperience.net\/en\/wp-json\/wp\/v2\/pages\/36\/revisions\/142"}],"wp:attachment":[{"href":"http:\/\/www.thesailingexperience.net\/en\/wp-json\/wp\/v2\/media?parent=36"}],"curies":[{"name":"wp","href":"https:\/\/api.w.org\/{rel}","templated":true}]}}