{"id":543,"date":"2022-02-10T06:27:35","date_gmt":"2022-02-10T06:27:35","guid":{"rendered":"https:\/\/www.thesailingexperience.net\/?page_id=543"},"modified":"2024-03-14T19:15:29","modified_gmt":"2024-03-14T19:15:29","slug":"sahbaz","status":"publish","type":"page","link":"http:\/\/www.thesailingexperience.net\/en\/tekne-kiralama\/sahbaz\/","title":{"rendered":"Tekne Kiralama &#8211; \u015eAHBAZ"},"content":{"rendered":"","protected":false},"excerpt":{"rendered":"","protected":false},"author":5,"featured_media":0,"parent":38,"menu_order":0,"comment_status":"closed","ping_status":"closed","template":"","meta":{"_coblocks_attr":"","_coblocks_dimensions":"","_coblocks_responsive_height":"","_coblocks_accordion_ie_support":"","inline_featured_image":false,"_monsterinsights_skip_tracking":false,"_monsterinsights_sitenote_active":false,"_monsterinsights_sitenote_note":"","_monsterinsights_sitenote_category":0,"footnotes":""},"class_list":["post-543","page","type-page","status-publish","hentry"],"yoast_head":"<!-- This site is optimized with the Yoast SEO plugin v23.4 - https:\/\/yoast.com\/wordpress\/plugins\/seo\/ -->\n<title>Tekne Kiralama - \u015eAHBAZ - The Sailing Experience<\/title>\n<meta name=\"description\" content=\"Fethiye&#039;de yelkenli tekne kiralama ve G\u00f6cek koylar\u0131n\u0131 ke\u015ffetmek, Marmaris, Ka\u015f rotalar\u0131na unutulmaz seyirler yapmak i\u00e7in The Sailing Experience!\" \/>\n<meta name=\"robots\" content=\"index, follow, max-snippet:-1, max-image-preview:large, max-video-preview:-1\" \/>\n<link rel=\"canonical\" href=\"http:\/\/www.thesailingexperience.net\/en\/tekne-kiralama\/sahbaz\/\" \/>\n<meta property=\"og:locale\" content=\"en_GB\" \/>\n<meta property=\"og:type\" content=\"article\" \/>\n<meta property=\"og:title\" content=\"Tekne Kiralama - \u015eAHBAZ - The Sailing Experience\" \/>\n<meta property=\"og:description\" content=\"Fethiye&#039;de yelkenli tekne kiralama ve G\u00f6cek koylar\u0131n\u0131 ke\u015ffetmek, Marmaris, Ka\u015f rotalar\u0131na unutulmaz seyirler yapmak i\u00e7in The Sailing Experience!\" \/>\n<meta property=\"og:url\" content=\"http:\/\/www.thesailingexperience.net\/en\/tekne-kiralama\/sahbaz\/\" \/>\n<meta property=\"og:site_name\" content=\"The Sailing Experience\" \/>\n<meta property=\"article:publisher\" content=\"https:\/\/www.facebook.com\/thesailingexperience-399831173991564\" \/>\n<meta property=\"article:modified_time\" content=\"2024-03-14T19:15:29+00:00\" \/>\n<meta name=\"twitter:card\" content=\"summary_large_image\" \/>\n<script type=\"application\/ld+json\" class=\"yoast-schema-graph\">{\"@context\":\"https:\/\/schema.org\",\"@graph\":[{\"@type\":\"WebPage\",\"@id\":\"https:\/\/www.thesailingexperience.net\/tekne-kiralama\/sahbaz\/\",\"url\":\"https:\/\/www.thesailingexperience.net\/tekne-kiralama\/sahbaz\/\",\"name\":\"Tekne Kiralama - \u015eAHBAZ - The Sailing Experience\",\"isPartOf\":{\"@id\":\"https:\/\/www.thesailingexperience.net\/#website\"},\"datePublished\":\"2022-02-10T06:27:35+00:00\",\"dateModified\":\"2024-03-14T19:15:29+00:00\",\"description\":\"Fethiye'de yelkenli tekne kiralama ve G\u00f6cek koylar\u0131n\u0131 ke\u015ffetmek, Marmaris, Ka\u015f rotalar\u0131na unutulmaz seyirler yapmak i\u00e7in The Sailing Experience!\",\"breadcrumb\":{\"@id\":\"https:\/\/www.thesailingexperience.net\/tekne-kiralama\/sahbaz\/#breadcrumb\"},\"inLanguage\":\"en-GB\",\"potentialAction\":[{\"@type\":\"ReadAction\",\"target\":[\"https:\/\/www.thesailingexperience.net\/tekne-kiralama\/sahbaz\/\"]}]},{\"@type\":\"BreadcrumbList\",\"@id\":\"https:\/\/www.thesailingexperience.net\/tekne-kiralama\/sahbaz\/#breadcrumb\",\"itemListElement\":[{\"@type\":\"ListItem\",\"position\":1,\"name\":\"Ana sayfa\",\"item\":\"https:\/\/www.thesailingexperience.net\/\"},{\"@type\":\"ListItem\",\"position\":2,\"name\":\"Tekne Kiralama\",\"item\":\"https:\/\/www.thesailingexperience.net\/tekne-kiralama\/\"},{\"@type\":\"ListItem\",\"position\":3,\"name\":\"Tekne Kiralama &#8211; \u015eAHBAZ\"}]},{\"@type\":\"WebSite\",\"@id\":\"https:\/\/www.thesailingexperience.net\/#website\",\"url\":\"https:\/\/www.thesailingexperience.net\/\",\"name\":\"The Sailing Experience\",\"description\":\"\",\"publisher\":{\"@id\":\"https:\/\/www.thesailingexperience.net\/#organization\"},\"potentialAction\":[{\"@type\":\"SearchAction\",\"target\":{\"@type\":\"EntryPoint\",\"urlTemplate\":\"https:\/\/www.thesailingexperience.net\/?s={search_term_string}\"},\"query-input\":{\"@type\":\"PropertyValueSpecification\",\"valueRequired\":true,\"valueName\":\"search_term_string\"}}],\"inLanguage\":\"en-GB\"},{\"@type\":\"Organization\",\"@id\":\"https:\/\/www.thesailingexperience.net\/#organization\",\"name\":\"The Sailing Experience\",\"url\":\"https:\/\/www.thesailingexperience.net\/\",\"logo\":{\"@type\":\"ImageObject\",\"inLanguage\":\"en-GB\",\"@id\":\"https:\/\/www.thesailingexperience.net\/#\/schema\/logo\/image\/\",\"url\":\"https:\/\/www.thesailingexperience.net\/wp-content\/uploads\/2020\/03\/home_logo-1.png\",\"contentUrl\":\"https:\/\/www.thesailingexperience.net\/wp-content\/uploads\/2020\/03\/home_logo-1.png\",\"width\":468,\"height\":130,\"caption\":\"The Sailing Experience\"},\"image\":{\"@id\":\"https:\/\/www.thesailingexperience.net\/#\/schema\/logo\/image\/\"},\"sameAs\":[\"https:\/\/www.facebook.com\/thesailingexperience-399831173991564\",\"https:\/\/www.instagram.com\/thesailingexperience\/\",\"https:\/\/www.youtube.com\/channel\/UCc2l7adOYyStLH0IfMt0oIA\"]}]}<\/script>\n<!-- \/ Yoast SEO plugin. -->","yoast_head_json":{"title":"Tekne Kiralama - \u015eAHBAZ - The Sailing Experience","description":"Fethiye'de yelkenli tekne kiralama ve G\u00f6cek koylar\u0131n\u0131 ke\u015ffetmek, Marmaris, Ka\u015f rotalar\u0131na unutulmaz seyirler yapmak i\u00e7in The Sailing Experience!","robots":{"index":"index","follow":"follow","max-snippet":"max-snippet:-1","max-image-preview":"max-image-preview:large","max-video-preview":"max-video-preview:-1"},"canonical":"http:\/\/www.thesailingexperience.net\/en\/tekne-kiralama\/sahbaz\/","og_locale":"en_GB","og_type":"article","og_title":"Tekne Kiralama - \u015eAHBAZ - The Sailing Experience","og_description":"Fethiye'de yelkenli tekne kiralama ve G\u00f6cek koylar\u0131n\u0131 ke\u015ffetmek, Marmaris, Ka\u015f rotalar\u0131na unutulmaz seyirler yapmak i\u00e7in The Sailing Experience!","og_url":"http:\/\/www.thesailingexperience.net\/en\/tekne-kiralama\/sahbaz\/","og_site_name":"The Sailing Experience","article_publisher":"https:\/\/www.facebook.com\/thesailingexperience-399831173991564","article_modified_time":"2024-03-14T19:15:29+00:00","twitter_card":"summary_large_image","schema":{"@context":"https:\/\/schema.org","@graph":[{"@type":"WebPage","@id":"https:\/\/www.thesailingexperience.net\/tekne-kiralama\/sahbaz\/","url":"https:\/\/www.thesailingexperience.net\/tekne-kiralama\/sahbaz\/","name":"Tekne Kiralama - \u015eAHBAZ - The Sailing Experience","isPartOf":{"@id":"https:\/\/www.thesailingexperience.net\/#website"},"datePublished":"2022-02-10T06:27:35+00:00","dateModified":"2024-03-14T19:15:29+00:00","description":"Fethiye'de yelkenli tekne kiralama ve G\u00f6cek koylar\u0131n\u0131 ke\u015ffetmek, Marmaris, Ka\u015f rotalar\u0131na unutulmaz seyirler yapmak i\u00e7in The Sailing Experience!","breadcrumb":{"@id":"https:\/\/www.thesailingexperience.net\/tekne-kiralama\/sahbaz\/#breadcrumb"},"inLanguage":"en-GB","potentialAction":[{"@type":"ReadAction","target":["https:\/\/www.thesailingexperience.net\/tekne-kiralama\/sahbaz\/"]}]},{"@type":"BreadcrumbList","@id":"https:\/\/www.thesailingexperience.net\/tekne-kiralama\/sahbaz\/#breadcrumb","itemListElement":[{"@type":"ListItem","position":1,"name":"Ana sayfa","item":"https:\/\/www.thesailingexperience.net\/"},{"@type":"ListItem","position":2,"name":"Tekne Kiralama","item":"https:\/\/www.thesailingexperience.net\/tekne-kiralama\/"},{"@type":"ListItem","position":3,"name":"Tekne Kiralama &#8211; \u015eAHBAZ"}]},{"@type":"WebSite","@id":"https:\/\/www.thesailingexperience.net\/#website","url":"https:\/\/www.thesailingexperience.net\/","name":"The Sailing Experience","description":"","publisher":{"@id":"https:\/\/www.thesailingexperience.net\/#organization"},"potentialAction":[{"@type":"SearchAction","target":{"@type":"EntryPoint","urlTemplate":"https:\/\/www.thesailingexperience.net\/?s={search_term_string}"},"query-input":{"@type":"PropertyValueSpecification","valueRequired":true,"valueName":"search_term_string"}}],"inLanguage":"en-GB"},{"@type":"Organization","@id":"https:\/\/www.thesailingexperience.net\/#organization","name":"The Sailing Experience","url":"https:\/\/www.thesailingexperience.net\/","logo":{"@type":"ImageObject","inLanguage":"en-GB","@id":"https:\/\/www.thesailingexperience.net\/#\/schema\/logo\/image\/","url":"https:\/\/www.thesailingexperience.net\/wp-content\/uploads\/2020\/03\/home_logo-1.png","contentUrl":"https:\/\/www.thesailingexperience.net\/wp-content\/uploads\/2020\/03\/home_logo-1.png","width":468,"height":130,"caption":"The Sailing Experience"},"image":{"@id":"https:\/\/www.thesailingexperience.net\/#\/schema\/logo\/image\/"},"sameAs":["https:\/\/www.facebook.com\/thesailingexperience-399831173991564","https:\/\/www.instagram.com\/thesailingexperience\/","https:\/\/www.youtube.com\/channel\/UCc2l7adOYyStLH0IfMt0oIA"]}]}},"_links":{"self":[{"href":"http:\/\/www.thesailingexperience.net\/en\/wp-json\/wp\/v2\/pages\/543"}],"collection":[{"href":"http:\/\/www.thesailingexperience.net\/en\/wp-json\/wp\/v2\/pages"}],"about":[{"href":"http:\/\/www.thesailingexperience.net\/en\/wp-json\/wp\/v2\/types\/page"}],"author":[{"embeddable":true,"href":"http:\/\/www.thesailingexperience.net\/en\/wp-json\/wp\/v2\/users\/5"}],"replies":[{"embeddable":true,"href":"http:\/\/www.thesailingexperience.net\/en\/wp-json\/wp\/v2\/comments?post=543"}],"version-history":[{"count":1,"href":"http:\/\/www.thesailingexperience.net\/en\/wp-json\/wp\/v2\/pages\/543\/revisions"}],"predecessor-version":[{"id":544,"href":"http:\/\/www.thesailingexperience.net\/en\/wp-json\/wp\/v2\/pages\/543\/revisions\/544"}],"up":[{"embeddable":true,"href":"http:\/\/www.thesailingexperience.net\/en\/wp-json\/wp\/v2\/pages\/38"}],"wp:attachment":[{"href":"http:\/\/www.thesailingexperience.net\/en\/wp-json\/wp\/v2\/media?parent=543"}],"curies":[{"name":"wp","href":"https:\/\/api.w.org\/{rel}","templated":true}]}}